{"id":281,"date":"2025-03-30T03:22:08","date_gmt":"2025-03-30T03:22:08","guid":{"rendered":"https:\/\/rcstructuralsteel.com\/esp\/?page_id=281"},"modified":"2025-04-27T20:53:11","modified_gmt":"2025-04-27T20:53:11","slug":"detallado-ingenieria","status":"publish","type":"page","link":"https:\/\/rcstructuralsteel.com\/esp\/detallado-ingenieria\/","title":{"rendered":"Detallado de ingenieria"},"content":{"rendered":"\n[et_pb_section fb_built=&#8221;1&#8243; module_id=&#8221;about&#8221; _builder_version=&#8221;4.18.0&#8243; _module_preset=&#8221;default&#8221; scroll_fade_enable=&#8221;on&#8221; scroll_fade=&#8221;35|50|50|67|0|100|100&#8243; motion_trigger_start=&#8221;top&#8221; global_colors_info=&#8221;{}&#8221;][et_pb_row _builder_version=&#8221;4.18.0&#8243; _module_preset=&#8221;default&#8221; max_width=&#8221;90%&#8221; global_colors_info=&#8221;{}&#8221;][et_pb_column type=&#8221;4_4&#8243; _builder_version=&#8221;4.18.0&#8243; _module_preset=&#8221;default&#8221; global_colors_info=&#8221;{}&#8221;][dsm_text_divider header=&#8221;Detallado de Ingenier\u00eda&#8221; color=&#8221;#C5310D&#8221; _builder_version=&#8221;4.18.0&#8243; _module_preset=&#8221;default&#8221; header_font=&#8221;Cinzel||||||||&#8221; header_text_color=&#8221;#C5310D&#8221; header_font_size=&#8221;30px&#8221; hover_enabled=&#8221;0&#8243; global_colors_info=&#8221;{}&#8221; sticky_enabled=&#8221;0&#8243;][\/dsm_text_divider][\/et_pb_column][\/et_pb_row][et_pb_row column_structure=&#8221;3_5,2_5&#8243; _builder_version=&#8221;4.18.0&#8243; _module_preset=&#8221;default&#8221; global_colors_info=&#8221;{}&#8221;][et_pb_column type=&#8221;3_5&#8243; _builder_version=&#8221;4.18.0&#8243; _module_preset=&#8221;default&#8221; global_colors_info=&#8221;{}&#8221;][et_pb_text _builder_version=&#8221;4.18.0&#8243; _module_preset=&#8221;default&#8221; text_font=&#8221;Cardo||||||||&#8221; text_font_size=&#8221;20px&#8221; text_line_height=&#8221;1.8em&#8221; header_font=&#8221;Cardo||||||||&#8221; header_2_font=&#8221;Cardo|700|||||||&#8221; header_2_text_color=&#8221;#C5310D&#8221; header_2_font_size=&#8221;39px&#8221; header_2_line_height=&#8221;1.5em&#8221; header_3_font=&#8221;Cardo|700|||||||&#8221; header_3_text_color=&#8221;#C5310D&#8221; header_3_font_size=&#8221;26px&#8221; header_3_line_height=&#8221;1.3em&#8221; hover_enabled=&#8221;0&#8243; global_colors_info=&#8221;{%22gcid-25d16e6f-3a9a-4678-bfdb-203d063c08e5%22:%91%22header_3_text_color%22%93}&#8221; sticky_enabled=&#8221;0&#8243;]<h3>\u00a1Con Nosotros, T\u00fa Ganas!<\/h3>\n<div>\n<div dir=\"ltr\" class=\"css-146c3p1 r-bcqeeo r-1ttztb7 r-qvutc0 r-37j5jr r-a023e6 r-16dba41 r-1adg3ll r-1b5gpbm r-a8ghvy\"><span class=\"css-1jxf684 r-bcqeeo r-1ttztb7 r-qvutc0 r-poiln3\"><span class=\"css-1jxf684 r-bcqeeo r-1ttztb7 r-qvutc0 r-poiln3 r-a8ghvy\">Fabricamos estructuras de acero, escaleras y barandillas con precisi\u00f3n y confianza. Liderados por nuestro ingeniero experto, reconocido por su riguroso an\u00e1lisis estructural, garantizamos que cada proyecto cumpla con los m\u00e1s altos est\u00e1ndares de seguridad y calidad. <strong>Con nosotros, tu visi\u00f3n se transforma en soluciones duraderas y perfectamente dise\u00f1adas en las que puedes confiar.<br \/><br \/><\/strong><\/span><\/span><\/div>\n<div dir=\"ltr\" class=\"css-146c3p1 r-bcqeeo r-1ttztb7 r-qvutc0 r-37j5jr r-a023e6 r-16dba41 r-1adg3ll r-1b5gpbm r-a8ghvy\"><span class=\"css-1jxf684 r-bcqeeo r-1ttztb7 r-qvutc0 r-poiln3\"><span class=\"css-1jxf684 r-bcqeeo r-1ttztb7 r-qvutc0 r-poiln3 r-a8ghvy\"><\/span><\/span><\/div>\n<div dir=\"ltr\" class=\"css-146c3p1 r-bcqeeo r-1ttztb7 r-qvutc0 r-37j5jr r-a023e6 r-16dba41 r-1adg3ll r-a8ghvy r-p1pxzi\"><span class=\"css-1jxf684 r-bcqeeo r-1ttztb7 r-qvutc0 r-poiln3\"><span class=\"css-1jxf684 r-bcqeeo r-1ttztb7 r-qvutc0 r-poiln3 r-a8ghvy\">Cont\u00e1ctanos para m\u00e1s informaci\u00f3n sobre nuestros productos. Uno de nuestros asesores te atender\u00e1 r\u00e1pidamente para ofrecerte la mejor soluci\u00f3n.<\/span><\/span><\/div>\n<\/div>[\/et_pb_text][\/et_pb_column][et_pb_column type=&#8221;2_5&#8243; _builder_version=&#8221;4.18.0&#8243; _module_preset=&#8221;default&#8221; global_colors_info=&#8221;{}&#8221;][et_pb_image src=&#8221;https:\/\/rcstructuralsteel.com\/esp\/wp-content\/uploads\/2025\/04\/detailing-structure-steel-1.jpg&#8221; alt=&#8221;Detailing Structure Steel&#8221; title_text=&#8221;detailing-structure-steel&#8221; align=&#8221;center&#8221; _builder_version=&#8221;4.18.0&#8243; _module_preset=&#8221;default&#8221; width=&#8221;82%&#8221; global_colors_info=&#8221;{}&#8221;][\/et_pb_image][\/et_pb_column][\/et_pb_row][\/et_pb_section][et_pb_section fb_built=&#8221;1&#8243; module_id=&#8221;about&#8221; _builder_version=&#8221;4.18.0&#8243; _module_preset=&#8221;default&#8221; background_color=&#8221;#474747&#8243; scroll_fade_enable=&#8221;on&#8221; scroll_fade=&#8221;35|50|50|67|0|100|100&#8243; motion_trigger_start=&#8221;top&#8221; global_colors_info=&#8221;{}&#8221;][et_pb_row column_structure=&#8221;1_2,1_2&#8243; _builder_version=&#8221;4.18.0&#8243; _module_preset=&#8221;default&#8221; global_colors_info=&#8221;{}&#8221;][et_pb_column type=&#8221;1_2&#8243; _builder_version=&#8221;4.18.0&#8243; _module_preset=&#8221;default&#8221; global_colors_info=&#8221;{}&#8221;][et_pb_image src=&#8221;https:\/\/rcstructuralsteel.com\/esp\/wp-content\/uploads\/2025\/03\/engineer.png&#8221; title_text=&#8221;engineer&#8221; align=&#8221;center&#8221; _builder_version=&#8221;4.18.0&#8243; _module_preset=&#8221;default&#8221; width=&#8221;82%&#8221; global_colors_info=&#8221;{}&#8221;][\/et_pb_image][\/et_pb_column][et_pb_column type=&#8221;1_2&#8243; _builder_version=&#8221;4.18.0&#8243; _module_preset=&#8221;default&#8221; global_colors_info=&#8221;{}&#8221;][et_pb_text _builder_version=&#8221;4.18.0&#8243; _module_preset=&#8221;default&#8221; text_font=&#8221;Cardo||||||||&#8221; text_text_color=&#8221;#FFFFFF&#8221; text_font_size=&#8221;20px&#8221; text_line_height=&#8221;1.8em&#8221; header_font=&#8221;Cardo||||||||&#8221; header_2_font=&#8221;Cardo|700|||||||&#8221; header_2_text_color=&#8221;#C5310D&#8221; header_2_font_size=&#8221;39px&#8221; header_2_line_height=&#8221;1.5em&#8221; header_3_font=&#8221;Cardo|700|||||||&#8221; header_3_text_color=&#8221;#FFFFFF&#8221; header_3_font_size=&#8221;26px&#8221; header_3_line_height=&#8221;1.3em&#8221; hover_enabled=&#8221;0&#8243; global_colors_info=&#8221;{%22gcid-25d16e6f-3a9a-4678-bfdb-203d063c08e5%22:%91%22header_3_text_color%22%93}&#8221; sticky_enabled=&#8221;0&#8243;]<h3>Ingeniero Jes\u00fas Ceballos<\/h3>\n<div>Es una persona excepcional y un ingeniero estructural experimentado. Cada vez que recibimos una oferta, el proyecto pasa a sus manos para revisar los c\u00e1lculos correspondientes a nuestra parte. Desde que forma parte de nuestro equipo, ha identificado numerosos errores en diversos proyectos. Esto beneficia tanto a los propietarios de los proyectos como a nuestro equipo, ya que gracias a ello hemos ganado la confianza de nuestros clientes.<\/div>[\/et_pb_text][\/et_pb_column][\/et_pb_row][\/et_pb_section][et_pb_section fb_built=&#8221;1&#8243; module_id=&#8221;about&#8221; _builder_version=&#8221;4.18.0&#8243; _module_preset=&#8221;default&#8221; scroll_fade_enable=&#8221;on&#8221; scroll_fade=&#8221;35|50|50|67|0|100|100&#8243; motion_trigger_start=&#8221;top&#8221; global_colors_info=&#8221;{}&#8221;][et_pb_row column_structure=&#8221;1_2,1_2&#8243; _builder_version=&#8221;4.18.0&#8243; _module_preset=&#8221;default&#8221; global_colors_info=&#8221;{}&#8221;][et_pb_column type=&#8221;1_2&#8243; _builder_version=&#8221;4.18.0&#8243; _module_preset=&#8221;default&#8221; global_colors_info=&#8221;{}&#8221;][et_pb_image src=&#8221;https:\/\/rcstructuralsteel.com\/esp\/wp-content\/uploads\/2025\/04\/letter.jpg&#8221; title_text=&#8221;letter&#8221; align=&#8221;center&#8221; _builder_version=&#8221;4.18.0&#8243; _module_preset=&#8221;default&#8221; width=&#8221;82%&#8221; global_colors_info=&#8221;{}&#8221;][\/et_pb_image][\/et_pb_column][et_pb_column type=&#8221;1_2&#8243; _builder_version=&#8221;4.18.0&#8243; _module_preset=&#8221;default&#8221; global_colors_info=&#8221;{}&#8221;][et_pb_text _builder_version=&#8221;4.18.0&#8243; _module_preset=&#8221;default&#8221; text_font=&#8221;Cardo||||||||&#8221; text_font_size=&#8221;20px&#8221; text_line_height=&#8221;1.8em&#8221; header_font=&#8221;Cardo||||||||&#8221; header_2_font=&#8221;Cardo|700|||||||&#8221; header_2_text_color=&#8221;#C5310D&#8221; header_2_font_size=&#8221;39px&#8221; header_2_line_height=&#8221;1.5em&#8221; header_3_font=&#8221;Cardo|700|||||||&#8221; header_3_text_color=&#8221;#C5310D&#8221; header_3_font_size=&#8221;26px&#8221; header_3_line_height=&#8221;1.3em&#8221; hover_enabled=&#8221;0&#8243; global_colors_info=&#8221;{%22gcid-25d16e6f-3a9a-4678-bfdb-203d063c08e5%22:%91%22header_3_text_color%22%93}&#8221; custom_padding=&#8221;||0px|||&#8221; sticky_enabled=&#8221;0&#8243;]<h3>El error que encontr\u00f3 Jes\u00fas Ceballos<\/h3>\n<div>El ingeniero Jes\u00fas Ceballos tambi\u00e9n descubri\u00f3 un error en una de las ediciones hist\u00f3ricas de los manuales del Instituto Americano de Construcci\u00f3n en Acero (AISC), por lo que recibi\u00f3 una carta de reconocimiento de la instituci\u00f3n. Estamos orgullosos de que forme parte de nuestro equipo.<\/div>[\/et_pb_text][\/et_pb_column][\/et_pb_row][\/et_pb_section][et_pb_section fb_built=&#8221;1&#8243; module_id=&#8221;services&#8221; _builder_version=&#8221;4.18.0&#8243; _module_preset=&#8221;default&#8221; background_color=&#8221;#474747&#8243; custom_padding=&#8221;10px||10px||true|false&#8221; global_colors_info=&#8221;{}&#8221;][et_pb_row _builder_version=&#8221;4.18.0&#8243; _module_preset=&#8221;default&#8221; width=&#8221;60%&#8221; max_width=&#8221;60%&#8221; global_colors_info=&#8221;{}&#8221;][et_pb_column type=&#8221;4_4&#8243; _builder_version=&#8221;4.18.0&#8243; _module_preset=&#8221;default&#8221; global_colors_info=&#8221;{}&#8221;][et_pb_text _builder_version=&#8221;4.18.0&#8243; _module_preset=&#8221;default&#8221; text_font=&#8221;Cardo||||||||&#8221; text_text_color=&#8221;#FFFFFF&#8221; text_font_size=&#8221;18px&#8221; text_line_height=&#8221;1.8em&#8221; custom_margin=&#8221;||14px|||&#8221; hover_enabled=&#8221;0&#8243; global_colors_info=&#8221;{}&#8221; sticky_enabled=&#8221;0&#8243;]<div>La diferencia con Ren\u00e9 Castillo Iron Works (RCIW) radica en que, al adjudicarse un proyecto, tanto el cliente como RCIW pueden coordinar un cronograma para la presentaci\u00f3n de dibujos de taller que se pueda cumplir. Esto ayuda a mantener el cronograma general del proyecto, permitiendo alcanzar hitos cr\u00edticos para una finalizaci\u00f3n exitosa. Para los ingenieros de dise\u00f1o con los que trabajamos constantemente, pueden llamar a nuestra oficina para hablar directamente con nuestros detallistas y coordinar conexiones complejas o comprender la intenci\u00f3n general del dise\u00f1o. Un ingeniero profesional registrado en Nueva York y Nueva Jersey (NYS-NJ PE) puede sellar y firmar los planos presentados si es necesario.<\/div>[\/et_pb_text][\/et_pb_column][\/et_pb_row][et_pb_row use_custom_gutter=&#8221;on&#8221; gutter_width=&#8221;4&#8243; make_equal=&#8221;on&#8221; _builder_version=&#8221;4.18.0&#8243; _module_preset=&#8221;default&#8221; width=&#8221;60%&#8221; max_width=&#8221;60%&#8221; min_height=&#8221;293px&#8221; custom_margin=&#8221;|auto|22px|auto||&#8221; custom_padding=&#8221;0px||0px||false|false&#8221; global_colors_info=&#8221;{}&#8221;][et_pb_column type=&#8221;4_4&#8243; _builder_version=&#8221;4.18.0&#8243; _module_preset=&#8221;default&#8221; global_colors_info=&#8221;{}&#8221;][dsm_masonry_gallery gallery_ids=&#8221;299,298,297,296&#8243; columns=&#8221;4&#8243; use_lightbox=&#8221;on&#8221; _builder_version=&#8221;4.18.0&#8243; _module_preset=&#8221;default&#8221; global_colors_info=&#8221;{}&#8221;][\/dsm_masonry_gallery][\/et_pb_column][\/et_pb_row][\/et_pb_section]\n","protected":false},"excerpt":{"rendered":"<p><div class=\"et_pb_module dsm_text_divider dsm_text_divider_0\">\n\t\t\t\t\n\t\t\t\t\n\t\t\t\t\n\t\t\t\t\n\t\t\t\t\n\t\t\t\t\n\t\t\t\t<div class=\"et_pb_module_inner\">\n\t\t\t\t\t<div class=\"dsm-text-divider-wrapper dsm-text-divider-align-center et_pb_bg_layout_light\">\n\t\t\t\t\n\t\t\t\t\n\t\t\t\t<div class=\"dsm-text-divider-before dsm-divider\"><\/div>\n\t\t\t\t<h3 class=\"dsm-text-divider-header et_pb_module_header\"><span>Detallado de Ingenier\u00eda<\/span><\/h3>\n\t\t\t\t<div class=\"dsm-text-divider-after dsm-divider\"><\/div>\n\t\t\t<\/div>\n\t\t\t\t<\/div>\n\t\t\t<\/div>\u00a1Con Nosotros, T\u00fa Ganas! Fabricamos estructuras de acero, escaleras y barandillas con precisi\u00f3n y confianza. Liderados por nuestro ingeniero experto, reconocido por su riguroso an\u00e1lisis estructural, garantizamos que cada proyecto cumpla con los m\u00e1s altos est\u00e1ndares de seguridad y calidad. Con nosotros, tu visi\u00f3n se transforma en soluciones duraderas y perfectamente dise\u00f1adas en las que puedes confiar. Cont\u00e1ctanos para m\u00e1s informaci\u00f3n sobre nuestros productos. Uno de nuestros asesores te atender\u00e1 r\u00e1pidamente para ofrecerte la mejor soluci\u00f3n. Ingeniero Jes\u00fas Ceballos Es una persona excepcional y un ingeniero estructural experimentado. Cada vez que recibimos una oferta, el proyecto pasa a sus manos para revisar los c\u00e1lculos correspondientes a nuestra parte. Desde que forma parte de nuestro equipo, ha identificado numerosos errores en diversos proyectos. Esto beneficia tanto a los propietarios de los proyectos como a nuestro equipo, ya que gracias a ello hemos ganado la confianza de nuestros clientes.El error que encontr\u00f3 Jes\u00fas Ceballos El ingeniero Jes\u00fas Ceballos tambi\u00e9n descubri\u00f3 un error en una de las ediciones hist\u00f3ricas de los manuales del Instituto Americano de Construcci\u00f3n en Acero (AISC), por lo que recibi\u00f3 una carta de reconocimiento de la instituci\u00f3n. [&hellip;]<\/p>\n","protected":false},"author":1,"featured_media":0,"parent":0,"menu_order":0,"comment_status":"closed","ping_status":"closed","template":"","meta":{"_et_pb_use_builder":"on","_et_pb_old_content":"","_et_gb_content_width":"","footnotes":""},"class_list":["post-281","page","type-page","status-publish","hentry"],"yoast_head":"<!-- This site is optimized with the Yoast SEO Premium plugin v26.7 (Yoast SEO v27.4) - https:\/\/yoast.com\/product\/yoast-seo-premium-wordpress\/ -->\n<title>Detallado de ingenieria - Rene Castillo - Iron Works<\/title>\n<meta name=\"description\" content=\"Liderados por nuestro ingeniero experto, reconocido por su riguroso an\u00e1lisis estructural, garantizamos que cada proyecto cumpla con los m\u00e1s altos est\u00e1ndares de seguridad y calidad\" \/>\n<meta name=\"robots\" content=\"index, follow, max-snippet:-1, max-image-preview:large, max-video-preview:-1\" \/>\n<link rel=\"canonical\" href=\"https:\/\/rcstructuralsteel.com\/esp\/detallado-ingenieria\/\" \/>\n<meta property=\"og:locale\" content=\"en_US\" \/>\n<meta property=\"og:type\" content=\"article\" \/>\n<meta property=\"og:title\" content=\"Detallado de ingenieria\" \/>\n<meta property=\"og:description\" content=\"Liderados por nuestro ingeniero experto, reconocido por su riguroso an\u00e1lisis estructural, garantizamos que cada proyecto cumpla con los m\u00e1s altos est\u00e1ndares de seguridad y calidad\" \/>\n<meta property=\"og:url\" content=\"https:\/\/rcstructuralsteel.com\/esp\/detallado-ingenieria\/\" \/>\n<meta property=\"og:site_name\" content=\"Rene Castillo - Iron Works\" \/>\n<meta property=\"article:modified_time\" content=\"2025-04-27T20:53:11+00:00\" \/>\n<meta property=\"og:image\" content=\"https:\/\/rcstructuralsteel.com\/esp\/wp-content\/uploads\/2025\/03\/logo-rene.jpg\" \/>\n\t<meta property=\"og:image:width\" content=\"512\" \/>\n\t<meta property=\"og:image:height\" content=\"366\" \/>\n\t<meta property=\"og:image:type\" content=\"image\/jpeg\" \/>\n<meta name=\"twitter:card\" content=\"summary_large_image\" \/>\n<meta name=\"twitter:label1\" content=\"Est. reading time\" \/>\n\t<meta name=\"twitter:data1\" content=\"3 minutes\" \/>\n<script type=\"application\/ld+json\" class=\"yoast-schema-graph\">{\"@context\":\"https:\\\/\\\/schema.org\",\"@graph\":[{\"@type\":\"WebPage\",\"@id\":\"https:\\\/\\\/rcstructuralsteel.com\\\/esp\\\/detallado-ingenieria\\\/\",\"url\":\"https:\\\/\\\/rcstructuralsteel.com\\\/esp\\\/detallado-ingenieria\\\/\",\"name\":\"Detallado de ingenieria - Rene Castillo - Iron Works\",\"isPartOf\":{\"@id\":\"https:\\\/\\\/rcstructuralsteel.com\\\/esp\\\/#website\"},\"datePublished\":\"2025-03-30T03:22:08+00:00\",\"dateModified\":\"2025-04-27T20:53:11+00:00\",\"description\":\"Liderados por nuestro ingeniero experto, reconocido por su riguroso an\u00e1lisis estructural, garantizamos que cada proyecto cumpla con los m\u00e1s altos est\u00e1ndares de seguridad y calidad\",\"breadcrumb\":{\"@id\":\"https:\\\/\\\/rcstructuralsteel.com\\\/esp\\\/detallado-ingenieria\\\/#breadcrumb\"},\"inLanguage\":\"en-US\",\"potentialAction\":[{\"@type\":\"ReadAction\",\"target\":[\"https:\\\/\\\/rcstructuralsteel.com\\\/esp\\\/detallado-ingenieria\\\/\"]}]},{\"@type\":\"BreadcrumbList\",\"@id\":\"https:\\\/\\\/rcstructuralsteel.com\\\/esp\\\/detallado-ingenieria\\\/#breadcrumb\",\"itemListElement\":[{\"@type\":\"ListItem\",\"position\":1,\"name\":\"Home\",\"item\":\"https:\\\/\\\/rcstructuralsteel.com\\\/esp\\\/\"},{\"@type\":\"ListItem\",\"position\":2,\"name\":\"Detallado de ingenieria\"}]},{\"@type\":\"WebSite\",\"@id\":\"https:\\\/\\\/rcstructuralsteel.com\\\/esp\\\/#website\",\"url\":\"https:\\\/\\\/rcstructuralsteel.com\\\/esp\\\/\",\"name\":\"Rene Castillo - Iron Works\",\"description\":\"\",\"publisher\":{\"@id\":\"https:\\\/\\\/rcstructuralsteel.com\\\/esp\\\/#organization\"},\"potentialAction\":[{\"@type\":\"SearchAction\",\"target\":{\"@type\":\"EntryPoint\",\"urlTemplate\":\"https:\\\/\\\/rcstructuralsteel.com\\\/esp\\\/?s={search_term_string}\"},\"query-input\":{\"@type\":\"PropertyValueSpecification\",\"valueRequired\":true,\"valueName\":\"search_term_string\"}}],\"inLanguage\":\"en-US\"},{\"@type\":\"Organization\",\"@id\":\"https:\\\/\\\/rcstructuralsteel.com\\\/esp\\\/#organization\",\"name\":\"Rene Castillo - Iron Works\",\"url\":\"https:\\\/\\\/rcstructuralsteel.com\\\/esp\\\/\",\"logo\":{\"@type\":\"ImageObject\",\"inLanguage\":\"en-US\",\"@id\":\"https:\\\/\\\/rcstructuralsteel.com\\\/esp\\\/#\\\/schema\\\/logo\\\/image\\\/\",\"url\":\"https:\\\/\\\/rcstructuralsteel.com\\\/esp\\\/wp-content\\\/uploads\\\/2025\\\/03\\\/favicon.jpg\",\"contentUrl\":\"https:\\\/\\\/rcstructuralsteel.com\\\/esp\\\/wp-content\\\/uploads\\\/2025\\\/03\\\/favicon.jpg\",\"width\":512,\"height\":512,\"caption\":\"Rene Castillo - Iron Works\"},\"image\":{\"@id\":\"https:\\\/\\\/rcstructuralsteel.com\\\/esp\\\/#\\\/schema\\\/logo\\\/image\\\/\"}}]}<\/script>\n<!-- \/ Yoast SEO Premium plugin. -->","yoast_head_json":{"title":"Detallado de ingenieria - Rene Castillo - Iron Works","description":"Liderados por nuestro ingeniero experto, reconocido por su riguroso an\u00e1lisis estructural, garantizamos que cada proyecto cumpla con los m\u00e1s altos est\u00e1ndares de seguridad y calidad","robots":{"index":"index","follow":"follow","max-snippet":"max-snippet:-1","max-image-preview":"max-image-preview:large","max-video-preview":"max-video-preview:-1"},"canonical":"https:\/\/rcstructuralsteel.com\/esp\/detallado-ingenieria\/","og_locale":"en_US","og_type":"article","og_title":"Detallado de ingenieria","og_description":"Liderados por nuestro ingeniero experto, reconocido por su riguroso an\u00e1lisis estructural, garantizamos que cada proyecto cumpla con los m\u00e1s altos est\u00e1ndares de seguridad y calidad","og_url":"https:\/\/rcstructuralsteel.com\/esp\/detallado-ingenieria\/","og_site_name":"Rene Castillo - Iron Works","article_modified_time":"2025-04-27T20:53:11+00:00","og_image":[{"width":512,"height":366,"url":"https:\/\/rcstructuralsteel.com\/esp\/wp-content\/uploads\/2025\/03\/logo-rene.jpg","type":"image\/jpeg"}],"twitter_card":"summary_large_image","twitter_misc":{"Est. reading time":"3 minutes"},"schema":{"@context":"https:\/\/schema.org","@graph":[{"@type":"WebPage","@id":"https:\/\/rcstructuralsteel.com\/esp\/detallado-ingenieria\/","url":"https:\/\/rcstructuralsteel.com\/esp\/detallado-ingenieria\/","name":"Detallado de ingenieria - Rene Castillo - Iron Works","isPartOf":{"@id":"https:\/\/rcstructuralsteel.com\/esp\/#website"},"datePublished":"2025-03-30T03:22:08+00:00","dateModified":"2025-04-27T20:53:11+00:00","description":"Liderados por nuestro ingeniero experto, reconocido por su riguroso an\u00e1lisis estructural, garantizamos que cada proyecto cumpla con los m\u00e1s altos est\u00e1ndares de seguridad y calidad","breadcrumb":{"@id":"https:\/\/rcstructuralsteel.com\/esp\/detallado-ingenieria\/#breadcrumb"},"inLanguage":"en-US","potentialAction":[{"@type":"ReadAction","target":["https:\/\/rcstructuralsteel.com\/esp\/detallado-ingenieria\/"]}]},{"@type":"BreadcrumbList","@id":"https:\/\/rcstructuralsteel.com\/esp\/detallado-ingenieria\/#breadcrumb","itemListElement":[{"@type":"ListItem","position":1,"name":"Home","item":"https:\/\/rcstructuralsteel.com\/esp\/"},{"@type":"ListItem","position":2,"name":"Detallado de ingenieria"}]},{"@type":"WebSite","@id":"https:\/\/rcstructuralsteel.com\/esp\/#website","url":"https:\/\/rcstructuralsteel.com\/esp\/","name":"Rene Castillo - Iron Works","description":"","publisher":{"@id":"https:\/\/rcstructuralsteel.com\/esp\/#organization"},"potentialAction":[{"@type":"SearchAction","target":{"@type":"EntryPoint","urlTemplate":"https:\/\/rcstructuralsteel.com\/esp\/?s={search_term_string}"},"query-input":{"@type":"PropertyValueSpecification","valueRequired":true,"valueName":"search_term_string"}}],"inLanguage":"en-US"},{"@type":"Organization","@id":"https:\/\/rcstructuralsteel.com\/esp\/#organization","name":"Rene Castillo - Iron Works","url":"https:\/\/rcstructuralsteel.com\/esp\/","logo":{"@type":"ImageObject","inLanguage":"en-US","@id":"https:\/\/rcstructuralsteel.com\/esp\/#\/schema\/logo\/image\/","url":"https:\/\/rcstructuralsteel.com\/esp\/wp-content\/uploads\/2025\/03\/favicon.jpg","contentUrl":"https:\/\/rcstructuralsteel.com\/esp\/wp-content\/uploads\/2025\/03\/favicon.jpg","width":512,"height":512,"caption":"Rene Castillo - Iron Works"},"image":{"@id":"https:\/\/rcstructuralsteel.com\/esp\/#\/schema\/logo\/image\/"}}]}},"_links":{"self":[{"href":"https:\/\/rcstructuralsteel.com\/esp\/wp-json\/wp\/v2\/pages\/281","targetHints":{"allow":["GET"]}}],"collection":[{"href":"https:\/\/rcstructuralsteel.com\/esp\/wp-json\/wp\/v2\/pages"}],"about":[{"href":"https:\/\/rcstructuralsteel.com\/esp\/wp-json\/wp\/v2\/types\/page"}],"author":[{"embeddable":true,"href":"https:\/\/rcstructuralsteel.com\/esp\/wp-json\/wp\/v2\/users\/1"}],"replies":[{"embeddable":true,"href":"https:\/\/rcstructuralsteel.com\/esp\/wp-json\/wp\/v2\/comments?post=281"}],"version-history":[{"count":14,"href":"https:\/\/rcstructuralsteel.com\/esp\/wp-json\/wp\/v2\/pages\/281\/revisions"}],"predecessor-version":[{"id":467,"href":"https:\/\/rcstructuralsteel.com\/esp\/wp-json\/wp\/v2\/pages\/281\/revisions\/467"}],"wp:attachment":[{"href":"https:\/\/rcstructuralsteel.com\/esp\/wp-json\/wp\/v2\/media?parent=281"}],"curies":[{"name":"wp","href":"https:\/\/api.w.org\/{rel}","templated":true}]}}