{"id":351,"date":"2025-04-02T13:42:15","date_gmt":"2025-04-02T13:42:15","guid":{"rendered":"https:\/\/rcstructuralsteel.com\/esp\/?page_id=351"},"modified":"2025-04-27T20:54:22","modified_gmt":"2025-04-27T20:54:22","slug":"escaleras-acero","status":"publish","type":"page","link":"https:\/\/rcstructuralsteel.com\/esp\/escaleras-acero\/","title":{"rendered":"Escaleras"},"content":{"rendered":"\n[et_pb_section fb_built=&#8221;1&#8243; module_id=&#8221;about&#8221; _builder_version=&#8221;4.18.0&#8243; _module_preset=&#8221;default&#8221; scroll_fade_enable=&#8221;on&#8221; scroll_fade=&#8221;35|50|50|67|0|100|100&#8243; motion_trigger_start=&#8221;top&#8221; global_colors_info=&#8221;{}&#8221;][et_pb_row _builder_version=&#8221;4.18.0&#8243; _module_preset=&#8221;default&#8221; max_width=&#8221;90%&#8221; global_colors_info=&#8221;{}&#8221;][et_pb_column type=&#8221;4_4&#8243; _builder_version=&#8221;4.18.0&#8243; _module_preset=&#8221;default&#8221; global_colors_info=&#8221;{}&#8221;][dsm_text_divider header=&#8221;ESCALERAS DE ACERO&#8221; color=&#8221;#C5310D&#8221; _builder_version=&#8221;4.18.0&#8243; _module_preset=&#8221;default&#8221; header_font=&#8221;Cinzel||||||||&#8221; header_text_color=&#8221;#C5310D&#8221; header_font_size=&#8221;30px&#8221; hover_enabled=&#8221;0&#8243; global_colors_info=&#8221;{}&#8221; sticky_enabled=&#8221;0&#8243;][\/dsm_text_divider][\/et_pb_column][\/et_pb_row][et_pb_row column_structure=&#8221;3_5,2_5&#8243; _builder_version=&#8221;4.18.0&#8243; _module_preset=&#8221;default&#8221; global_colors_info=&#8221;{}&#8221;][et_pb_column type=&#8221;3_5&#8243; _builder_version=&#8221;4.18.0&#8243; _module_preset=&#8221;default&#8221; global_colors_info=&#8221;{}&#8221;][et_pb_text _builder_version=&#8221;4.18.0&#8243; _module_preset=&#8221;default&#8221; text_font=&#8221;Cardo||||||||&#8221; text_font_size=&#8221;20px&#8221; text_line_height=&#8221;1.8em&#8221; header_font=&#8221;Cardo||||||||&#8221; header_2_font=&#8221;Cardo|700|||||||&#8221; header_2_text_color=&#8221;#C5310D&#8221; header_2_font_size=&#8221;39px&#8221; header_2_line_height=&#8221;1.5em&#8221; header_3_font=&#8221;Cardo|700|||||||&#8221; header_3_text_color=&#8221;#C5310D&#8221; header_3_font_size=&#8221;26px&#8221; header_3_line_height=&#8221;1.3em&#8221; hover_enabled=&#8221;0&#8243; global_colors_info=&#8221;{%22gcid-25d16e6f-3a9a-4678-bfdb-203d063c08e5%22:%91%22header_3_text_color%22%93}&#8221; sticky_enabled=&#8221;0&#8243;]<h3>Escaleras de Acero: Supera con Calidad Inigualable<\/h3>\n<div>\n<div>\u00a1Da un paso hacia la excelencia con nuestras escaleras de acero personalizadas, donde la resistencia se encuentra con un dise\u00f1o espectacular! Dise\u00f1adas seg\u00fan los m\u00e1s altos est\u00e1ndares, cada escalera es una obra maestra de durabilidad y estilo. Entregamos artesan\u00eda de m\u00e1xima calidad que eleva cualquier espacio, siempre a tiempo. Desde espirales elegantes hasta dise\u00f1os rectos audaces, nuestras escaleras est\u00e1n hechas para impresionar. \u00bfListo para alcanzar nuevas alturas? \u00a1Hag\u00e1moslo realidad!<\/div>\n<\/div>[\/et_pb_text][\/et_pb_column][et_pb_column type=&#8221;2_5&#8243; _builder_version=&#8221;4.18.0&#8243; _module_preset=&#8221;default&#8221; global_colors_info=&#8221;{}&#8221;][et_pb_image src=&#8221;https:\/\/rcstructuralsteel.com\/esp\/wp-content\/uploads\/2025\/04\/steel-stairs-main.jpg&#8221; alt=&#8221;Detailing Structure Steel&#8221; title_text=&#8221;steel-stairs-main&#8221; align=&#8221;center&#8221; _builder_version=&#8221;4.18.0&#8243; _module_preset=&#8221;default&#8221; width=&#8221;82%&#8221; global_colors_info=&#8221;{}&#8221;][\/et_pb_image][\/et_pb_column][\/et_pb_row][\/et_pb_section][et_pb_section fb_built=&#8221;1&#8243; module_id=&#8221;services&#8221; _builder_version=&#8221;4.18.0&#8243; _module_preset=&#8221;default&#8221; background_color=&#8221;#474747&#8243; custom_padding=&#8221;10px||10px||true|false&#8221; global_colors_info=&#8221;{}&#8221;][et_pb_row use_custom_gutter=&#8221;on&#8221; gutter_width=&#8221;4&#8243; make_equal=&#8221;on&#8221; _builder_version=&#8221;4.18.0&#8243; _module_preset=&#8221;default&#8221; width=&#8221;60%&#8221; max_width=&#8221;60%&#8221; min_height=&#8221;293px&#8221; custom_margin=&#8221;|auto|22px|auto||&#8221; custom_padding=&#8221;0px||0px||false|false&#8221; global_colors_info=&#8221;{}&#8221;][et_pb_column type=&#8221;4_4&#8243; _builder_version=&#8221;4.18.0&#8243; _module_preset=&#8221;default&#8221; global_colors_info=&#8221;{}&#8221;][dsm_masonry_gallery gallery_ids=&#8221;367,371,368,366,369,365,372,362&#8243; columns=&#8221;4&#8243; use_lightbox=&#8221;on&#8221; _builder_version=&#8221;4.18.0&#8243; _module_preset=&#8221;default&#8221; custom_margin=&#8221;28px|||||&#8221; global_colors_info=&#8221;{}&#8221;][\/dsm_masonry_gallery][\/et_pb_column][\/et_pb_row][\/et_pb_section]\n","protected":false},"excerpt":{"rendered":"<p><div class=\"et_pb_module dsm_text_divider dsm_text_divider_0\">\n\t\t\t\t\n\t\t\t\t\n\t\t\t\t\n\t\t\t\t\n\t\t\t\t\n\t\t\t\t\n\t\t\t\t<div class=\"et_pb_module_inner\">\n\t\t\t\t\t<div class=\"dsm-text-divider-wrapper dsm-text-divider-align-center et_pb_bg_layout_light\">\n\t\t\t\t\n\t\t\t\t\n\t\t\t\t<div class=\"dsm-text-divider-before dsm-divider\"><\/div>\n\t\t\t\t<h3 class=\"dsm-text-divider-header et_pb_module_header\"><span>ESCALERAS DE ACERO<\/span><\/h3>\n\t\t\t\t<div class=\"dsm-text-divider-after dsm-divider\"><\/div>\n\t\t\t<\/div>\n\t\t\t\t<\/div>\n\t\t\t<\/div>Escaleras de Acero: Supera con Calidad Inigualable \u00a1Da un paso hacia la excelencia con nuestras escaleras de acero personalizadas, donde la resistencia se encuentra con un dise\u00f1o espectacular! Dise\u00f1adas seg\u00fan los m\u00e1s altos est\u00e1ndares, cada escalera es una obra maestra de durabilidad y estilo. Entregamos artesan\u00eda de m\u00e1xima calidad que eleva cualquier espacio, siempre a tiempo. Desde espirales elegantes hasta dise\u00f1os rectos audaces, nuestras escaleras est\u00e1n hechas para impresionar. \u00bfListo para alcanzar nuevas alturas? \u00a1Hag\u00e1moslo realidad! <div class=\"et_pb_module dsm_masonry_gallery dsm_masonry_gallery_0\">\n\t\t\t\t\n\t\t\t\t\n\t\t\t\t\n\t\t\t\t\n\t\t\t\t\n\t\t\t\t\n\t\t\t\t<div class=\"et_pb_module_inner\">\n\t\t\t\t\t<div class=\"dsm-gallery grid\" data-lightbox=\"true\" data-horizontalorder=\"true\">\n                <div class=\"grid-sizer\"><\/div><div class=\"gutter-sizer\"><\/div><div class=\"grid-item\">\n                    <a href=\"https:\/\/rcstructuralsteel.com\/esp\/wp-content\/uploads\/2025\/04\/steel-stairs-01.jpg\"  data-title='steel-stairs-01'  data-caption='' data-mfp-src=\"https:\/\/rcstructuralsteel.com\/esp\/wp-content\/uploads\/2025\/04\/steel-stairs-01.jpg\">\n                        <div class=\"et_pb_image_wrap\">\n                            <img loading=\"lazy\" decoding=\"async\" src=\"https:\/\/rcstructuralsteel.com\/esp\/wp-content\/uploads\/2025\/04\/steel-stairs-01.jpg\" title=\"steel-stairs-01\" alt=\"\" class=\"dsm-skip-lazyload\" srcset=\"https:\/\/rcstructuralsteel.com\/esp\/wp-content\/uploads\/2025\/04\/steel-stairs-01.jpg 717w, https:\/\/rcstructuralsteel.com\/esp\/wp-content\/uploads\/2025\/04\/steel-stairs-01-480x442.jpg 480w\" sizes=\"(min-width: 0px) and (max-width: 480px) 480px, (min-width: 481px) 717px, 100vw\" width=\"717\" height=\"660\" \/>\n                            \n                        <\/div>\n                    <\/a>\n                <\/div><div class=\"grid-item\">\n                    <a href=\"https:\/\/rcstructuralsteel.com\/esp\/wp-content\/uploads\/2025\/04\/steel-stairs-02.jpg\"  data-title='steel-stairs-02'  data-caption='' data-mfp-src=\"https:\/\/rcstructuralsteel.com\/esp\/wp-content\/uploads\/2025\/04\/steel-stairs-02.jpg\">\n                        <div class=\"et_pb_image_wrap\">\n                            <img loading=\"lazy\" decoding=\"async\" src=\"https:\/\/rcstructuralsteel.com\/esp\/wp-content\/uploads\/2025\/04\/steel-stairs-02.jpg\" title=\"steel-stairs-02\" alt=\"\" class=\"dsm-skip-lazyload\" srcset=\"https:\/\/rcstructuralsteel.com\/esp\/wp-content\/uploads\/2025\/04\/steel-stairs-02.jpg 717w, https:\/\/rcstructuralsteel.com\/esp\/wp-content\/uploads\/2025\/04\/steel-stairs-02-480x442.jpg 480w\" sizes=\"(min-width: 0px) and (max-width: 480px) 480px, (min-width: 481px) 717px, 100vw\" width=\"717\" height=\"660\" \/>\n                            \n                        <\/div>\n                    <\/a>\n                <\/div><div class=\"grid-item\">\n                    <a href=\"https:\/\/rcstructuralsteel.com\/esp\/wp-content\/uploads\/2025\/04\/steel-stairs-03.jpg\"  data-title='steel-stairs-03'  data-caption='' data-mfp-src=\"https:\/\/rcstructuralsteel.com\/esp\/wp-content\/uploads\/2025\/04\/steel-stairs-03.jpg\">\n                        <div class=\"et_pb_image_wrap\">\n                            <img loading=\"lazy\" decoding=\"async\" src=\"https:\/\/rcstructuralsteel.com\/esp\/wp-content\/uploads\/2025\/04\/steel-stairs-03.jpg\" title=\"steel-stairs-03\" alt=\"\" class=\"dsm-skip-lazyload\" srcset=\"https:\/\/rcstructuralsteel.com\/esp\/wp-content\/uploads\/2025\/04\/steel-stairs-03.jpg 717w, https:\/\/rcstructuralsteel.com\/esp\/wp-content\/uploads\/2025\/04\/steel-stairs-03-480x442.jpg 480w\" sizes=\"(min-width: 0px) and (max-width: 480px) 480px, (min-width: 481px) 717px, 100vw\" width=\"717\" height=\"660\" \/>\n                            \n                        <\/div>\n                    <\/a>\n                <\/div><div class=\"grid-item\">\n                    <a href=\"https:\/\/rcstructuralsteel.com\/esp\/wp-content\/uploads\/2025\/04\/steel-stairs-04.jpg\"  data-title='steel-stairs-04'  data-caption='' data-mfp-src=\"https:\/\/rcstructuralsteel.com\/esp\/wp-content\/uploads\/2025\/04\/steel-stairs-04.jpg\">\n                        <div class=\"et_pb_image_wrap\">\n                            <img loading=\"lazy\" decoding=\"async\" src=\"https:\/\/rcstructuralsteel.com\/esp\/wp-content\/uploads\/2025\/04\/steel-stairs-04.jpg\" title=\"steel-stairs-04\" alt=\"\" class=\"dsm-skip-lazyload\" srcset=\"https:\/\/rcstructuralsteel.com\/esp\/wp-content\/uploads\/2025\/04\/steel-stairs-04.jpg 717w, https:\/\/rcstructuralsteel.com\/esp\/wp-content\/uploads\/2025\/04\/steel-stairs-04-480x442.jpg 480w\" sizes=\"(min-width: 0px) and (max-width: 480px) 480px, (min-width: 481px) 717px, 100vw\" width=\"717\" height=\"660\" \/>\n                            \n                        <\/div>\n                    <\/a>\n                <\/div><div class=\"grid-item\">\n                    <a href=\"https:\/\/rcstructuralsteel.com\/esp\/wp-content\/uploads\/2025\/04\/steel-stairs-05.jpg\"  data-title='steel-stairs-05'  data-caption='' data-mfp-src=\"https:\/\/rcstructuralsteel.com\/esp\/wp-content\/uploads\/2025\/04\/steel-stairs-05.jpg\">\n                        <div class=\"et_pb_image_wrap\">\n                            <img loading=\"lazy\" decoding=\"async\" src=\"https:\/\/rcstructuralsteel.com\/esp\/wp-content\/uploads\/2025\/04\/steel-stairs-05.jpg\" title=\"steel-stairs-05\" alt=\"\" class=\"dsm-skip-lazyload\" srcset=\"https:\/\/rcstructuralsteel.com\/esp\/wp-content\/uploads\/2025\/04\/steel-stairs-05.jpg 717w, https:\/\/rcstructuralsteel.com\/esp\/wp-content\/uploads\/2025\/04\/steel-stairs-05-480x442.jpg 480w\" sizes=\"(min-width: 0px) and (max-width: 480px) 480px, (min-width: 481px) 717px, 100vw\" width=\"717\" height=\"660\" \/>\n                            \n                        <\/div>\n                    <\/a>\n                <\/div><div class=\"grid-item\">\n                    <a href=\"https:\/\/rcstructuralsteel.com\/esp\/wp-content\/uploads\/2025\/04\/steel-stairs-07.jpg\"  data-title='steel-stairs-07'  data-caption='' data-mfp-src=\"https:\/\/rcstructuralsteel.com\/esp\/wp-content\/uploads\/2025\/04\/steel-stairs-07.jpg\">\n                        <div class=\"et_pb_image_wrap\">\n                            <img loading=\"lazy\" decoding=\"async\" src=\"https:\/\/rcstructuralsteel.com\/esp\/wp-content\/uploads\/2025\/04\/steel-stairs-07.jpg\" title=\"steel-stairs-07\" alt=\"\" class=\"dsm-skip-lazyload\" srcset=\"https:\/\/rcstructuralsteel.com\/esp\/wp-content\/uploads\/2025\/04\/steel-stairs-07.jpg 717w, https:\/\/rcstructuralsteel.com\/esp\/wp-content\/uploads\/2025\/04\/steel-stairs-07-480x442.jpg 480w\" sizes=\"(min-width: 0px) and (max-width: 480px) 480px, (min-width: 481px) 717px, 100vw\" width=\"717\" height=\"660\" \/>\n                            \n                        <\/div>\n                    <\/a>\n                <\/div><div class=\"grid-item\">\n                    <a href=\"https:\/\/rcstructuralsteel.com\/esp\/wp-content\/uploads\/2025\/04\/steel-stairs-08.jpg\"  data-title='steel-stairs-08'  data-caption='' data-mfp-src=\"https:\/\/rcstructuralsteel.com\/esp\/wp-content\/uploads\/2025\/04\/steel-stairs-08.jpg\">\n                        <div class=\"et_pb_image_wrap\">\n                            <img loading=\"lazy\" decoding=\"async\" src=\"https:\/\/rcstructuralsteel.com\/esp\/wp-content\/uploads\/2025\/04\/steel-stairs-08.jpg\" title=\"steel-stairs-08\" alt=\"\" class=\"dsm-skip-lazyload\" srcset=\"https:\/\/rcstructuralsteel.com\/esp\/wp-content\/uploads\/2025\/04\/steel-stairs-08.jpg 717w, https:\/\/rcstructuralsteel.com\/esp\/wp-content\/uploads\/2025\/04\/steel-stairs-08-480x442.jpg 480w\" sizes=\"(min-width: 0px) and (max-width: 480px) 480px, (min-width: 481px) 717px, 100vw\" width=\"717\" height=\"660\" \/>\n                            \n                        <\/div>\n                    <\/a>\n                <\/div><div class=\"grid-item\">\n                    <a href=\"https:\/\/rcstructuralsteel.com\/esp\/wp-content\/uploads\/2025\/04\/steel-stairs-main.jpg\"  data-title='steel-stairs-main'  data-caption='' data-mfp-src=\"https:\/\/rcstructuralsteel.com\/esp\/wp-content\/uploads\/2025\/04\/steel-stairs-main.jpg\">\n                        <div class=\"et_pb_image_wrap\">\n                            <img loading=\"lazy\" decoding=\"async\" src=\"https:\/\/rcstructuralsteel.com\/esp\/wp-content\/uploads\/2025\/04\/steel-stairs-main.jpg\" title=\"steel-stairs-main\" alt=\"\" class=\"dsm-skip-lazyload\" srcset=\"https:\/\/rcstructuralsteel.com\/esp\/wp-content\/uploads\/2025\/04\/steel-stairs-main.jpg 717w, https:\/\/rcstructuralsteel.com\/esp\/wp-content\/uploads\/2025\/04\/steel-stairs-main-480x442.jpg 480w\" sizes=\"(min-width: 0px) and (max-width: 480px) 480px, (min-width: 481px) 717px, 100vw\" width=\"717\" height=\"660\" \/>\n                            \n                        <\/div>\n                    <\/a>\n                <\/div>\n             <\/div>\n\t\t\t\t<\/div>\n\t\t\t<\/div><\/p>\n","protected":false},"author":1,"featured_media":0,"parent":0,"menu_order":0,"comment_status":"closed","ping_status":"closed","template":"","meta":{"_et_pb_use_builder":"on","_et_pb_old_content":"","_et_gb_content_width":"","footnotes":""},"class_list":["post-351","page","type-page","status-publish","hentry"],"yoast_head":"<!-- This site is optimized with the Yoast SEO Premium plugin v26.7 (Yoast SEO v27.4) - https:\/\/yoast.com\/product\/yoast-seo-premium-wordpress\/ -->\n<title>Escaleras en Acero - Rene Castillo - Iron Works<\/title>\n<meta name=\"description\" content=\"Dise\u00f1adas seg\u00fan los m\u00e1s altos est\u00e1ndares, cada escalera es una obra maestra de durabilidad y estilo. Entregamos artesan\u00eda de m\u00e1xima calidad que eleva cualquier espacio, siempre a tiempo\" \/>\n<meta name=\"robots\" content=\"index, follow, max-snippet:-1, max-image-preview:large, max-video-preview:-1\" \/>\n<link rel=\"canonical\" href=\"https:\/\/rcstructuralsteel.com\/esp\/escaleras-acero\/\" \/>\n<meta property=\"og:locale\" content=\"en_US\" \/>\n<meta property=\"og:type\" content=\"article\" \/>\n<meta property=\"og:title\" content=\"Escaleras\" \/>\n<meta property=\"og:description\" content=\"Dise\u00f1adas seg\u00fan los m\u00e1s altos est\u00e1ndares, cada escalera es una obra maestra de durabilidad y estilo. Entregamos artesan\u00eda de m\u00e1xima calidad que eleva cualquier espacio, siempre a tiempo\" \/>\n<meta property=\"og:url\" content=\"https:\/\/rcstructuralsteel.com\/esp\/escaleras-acero\/\" \/>\n<meta property=\"og:site_name\" content=\"Rene Castillo - Iron Works\" \/>\n<meta property=\"article:modified_time\" content=\"2025-04-27T20:54:22+00:00\" \/>\n<meta property=\"og:image\" content=\"https:\/\/rcstructuralsteel.com\/esp\/wp-content\/uploads\/2025\/03\/logo-rene.jpg\" \/>\n\t<meta property=\"og:image:width\" content=\"512\" \/>\n\t<meta property=\"og:image:height\" content=\"366\" \/>\n\t<meta property=\"og:image:type\" content=\"image\/jpeg\" \/>\n<meta name=\"twitter:card\" content=\"summary_large_image\" \/>\n<meta name=\"twitter:label1\" content=\"Est. reading time\" \/>\n\t<meta name=\"twitter:data1\" content=\"3 minutes\" \/>\n<script type=\"application\/ld+json\" class=\"yoast-schema-graph\">{\"@context\":\"https:\\\/\\\/schema.org\",\"@graph\":[{\"@type\":\"WebPage\",\"@id\":\"https:\\\/\\\/rcstructuralsteel.com\\\/esp\\\/escaleras-acero\\\/\",\"url\":\"https:\\\/\\\/rcstructuralsteel.com\\\/esp\\\/escaleras-acero\\\/\",\"name\":\"Escaleras en Acero - Rene Castillo - Iron Works\",\"isPartOf\":{\"@id\":\"https:\\\/\\\/rcstructuralsteel.com\\\/esp\\\/#website\"},\"datePublished\":\"2025-04-02T13:42:15+00:00\",\"dateModified\":\"2025-04-27T20:54:22+00:00\",\"description\":\"Dise\u00f1adas seg\u00fan los m\u00e1s altos est\u00e1ndares, cada escalera es una obra maestra de durabilidad y estilo. Entregamos artesan\u00eda de m\u00e1xima calidad que eleva cualquier espacio, siempre a tiempo\",\"breadcrumb\":{\"@id\":\"https:\\\/\\\/rcstructuralsteel.com\\\/esp\\\/escaleras-acero\\\/#breadcrumb\"},\"inLanguage\":\"en-US\",\"potentialAction\":[{\"@type\":\"ReadAction\",\"target\":[\"https:\\\/\\\/rcstructuralsteel.com\\\/esp\\\/escaleras-acero\\\/\"]}]},{\"@type\":\"BreadcrumbList\",\"@id\":\"https:\\\/\\\/rcstructuralsteel.com\\\/esp\\\/escaleras-acero\\\/#breadcrumb\",\"itemListElement\":[{\"@type\":\"ListItem\",\"position\":1,\"name\":\"Home\",\"item\":\"https:\\\/\\\/rcstructuralsteel.com\\\/esp\\\/\"},{\"@type\":\"ListItem\",\"position\":2,\"name\":\"Escaleras\"}]},{\"@type\":\"WebSite\",\"@id\":\"https:\\\/\\\/rcstructuralsteel.com\\\/esp\\\/#website\",\"url\":\"https:\\\/\\\/rcstructuralsteel.com\\\/esp\\\/\",\"name\":\"Rene Castillo - Iron Works\",\"description\":\"\",\"publisher\":{\"@id\":\"https:\\\/\\\/rcstructuralsteel.com\\\/esp\\\/#organization\"},\"potentialAction\":[{\"@type\":\"SearchAction\",\"target\":{\"@type\":\"EntryPoint\",\"urlTemplate\":\"https:\\\/\\\/rcstructuralsteel.com\\\/esp\\\/?s={search_term_string}\"},\"query-input\":{\"@type\":\"PropertyValueSpecification\",\"valueRequired\":true,\"valueName\":\"search_term_string\"}}],\"inLanguage\":\"en-US\"},{\"@type\":\"Organization\",\"@id\":\"https:\\\/\\\/rcstructuralsteel.com\\\/esp\\\/#organization\",\"name\":\"Rene Castillo - Iron Works\",\"url\":\"https:\\\/\\\/rcstructuralsteel.com\\\/esp\\\/\",\"logo\":{\"@type\":\"ImageObject\",\"inLanguage\":\"en-US\",\"@id\":\"https:\\\/\\\/rcstructuralsteel.com\\\/esp\\\/#\\\/schema\\\/logo\\\/image\\\/\",\"url\":\"https:\\\/\\\/rcstructuralsteel.com\\\/esp\\\/wp-content\\\/uploads\\\/2025\\\/03\\\/favicon.jpg\",\"contentUrl\":\"https:\\\/\\\/rcstructuralsteel.com\\\/esp\\\/wp-content\\\/uploads\\\/2025\\\/03\\\/favicon.jpg\",\"width\":512,\"height\":512,\"caption\":\"Rene Castillo - Iron Works\"},\"image\":{\"@id\":\"https:\\\/\\\/rcstructuralsteel.com\\\/esp\\\/#\\\/schema\\\/logo\\\/image\\\/\"}}]}<\/script>\n<!-- \/ Yoast SEO Premium plugin. -->","yoast_head_json":{"title":"Escaleras en Acero - Rene Castillo - Iron Works","description":"Dise\u00f1adas seg\u00fan los m\u00e1s altos est\u00e1ndares, cada escalera es una obra maestra de durabilidad y estilo. Entregamos artesan\u00eda de m\u00e1xima calidad que eleva cualquier espacio, siempre a tiempo","robots":{"index":"index","follow":"follow","max-snippet":"max-snippet:-1","max-image-preview":"max-image-preview:large","max-video-preview":"max-video-preview:-1"},"canonical":"https:\/\/rcstructuralsteel.com\/esp\/escaleras-acero\/","og_locale":"en_US","og_type":"article","og_title":"Escaleras","og_description":"Dise\u00f1adas seg\u00fan los m\u00e1s altos est\u00e1ndares, cada escalera es una obra maestra de durabilidad y estilo. Entregamos artesan\u00eda de m\u00e1xima calidad que eleva cualquier espacio, siempre a tiempo","og_url":"https:\/\/rcstructuralsteel.com\/esp\/escaleras-acero\/","og_site_name":"Rene Castillo - Iron Works","article_modified_time":"2025-04-27T20:54:22+00:00","og_image":[{"width":512,"height":366,"url":"https:\/\/rcstructuralsteel.com\/esp\/wp-content\/uploads\/2025\/03\/logo-rene.jpg","type":"image\/jpeg"}],"twitter_card":"summary_large_image","twitter_misc":{"Est. reading time":"3 minutes"},"schema":{"@context":"https:\/\/schema.org","@graph":[{"@type":"WebPage","@id":"https:\/\/rcstructuralsteel.com\/esp\/escaleras-acero\/","url":"https:\/\/rcstructuralsteel.com\/esp\/escaleras-acero\/","name":"Escaleras en Acero - Rene Castillo - Iron Works","isPartOf":{"@id":"https:\/\/rcstructuralsteel.com\/esp\/#website"},"datePublished":"2025-04-02T13:42:15+00:00","dateModified":"2025-04-27T20:54:22+00:00","description":"Dise\u00f1adas seg\u00fan los m\u00e1s altos est\u00e1ndares, cada escalera es una obra maestra de durabilidad y estilo. Entregamos artesan\u00eda de m\u00e1xima calidad que eleva cualquier espacio, siempre a tiempo","breadcrumb":{"@id":"https:\/\/rcstructuralsteel.com\/esp\/escaleras-acero\/#breadcrumb"},"inLanguage":"en-US","potentialAction":[{"@type":"ReadAction","target":["https:\/\/rcstructuralsteel.com\/esp\/escaleras-acero\/"]}]},{"@type":"BreadcrumbList","@id":"https:\/\/rcstructuralsteel.com\/esp\/escaleras-acero\/#breadcrumb","itemListElement":[{"@type":"ListItem","position":1,"name":"Home","item":"https:\/\/rcstructuralsteel.com\/esp\/"},{"@type":"ListItem","position":2,"name":"Escaleras"}]},{"@type":"WebSite","@id":"https:\/\/rcstructuralsteel.com\/esp\/#website","url":"https:\/\/rcstructuralsteel.com\/esp\/","name":"Rene Castillo - Iron Works","description":"","publisher":{"@id":"https:\/\/rcstructuralsteel.com\/esp\/#organization"},"potentialAction":[{"@type":"SearchAction","target":{"@type":"EntryPoint","urlTemplate":"https:\/\/rcstructuralsteel.com\/esp\/?s={search_term_string}"},"query-input":{"@type":"PropertyValueSpecification","valueRequired":true,"valueName":"search_term_string"}}],"inLanguage":"en-US"},{"@type":"Organization","@id":"https:\/\/rcstructuralsteel.com\/esp\/#organization","name":"Rene Castillo - Iron Works","url":"https:\/\/rcstructuralsteel.com\/esp\/","logo":{"@type":"ImageObject","inLanguage":"en-US","@id":"https:\/\/rcstructuralsteel.com\/esp\/#\/schema\/logo\/image\/","url":"https:\/\/rcstructuralsteel.com\/esp\/wp-content\/uploads\/2025\/03\/favicon.jpg","contentUrl":"https:\/\/rcstructuralsteel.com\/esp\/wp-content\/uploads\/2025\/03\/favicon.jpg","width":512,"height":512,"caption":"Rene Castillo - Iron Works"},"image":{"@id":"https:\/\/rcstructuralsteel.com\/esp\/#\/schema\/logo\/image\/"}}]}},"_links":{"self":[{"href":"https:\/\/rcstructuralsteel.com\/esp\/wp-json\/wp\/v2\/pages\/351","targetHints":{"allow":["GET"]}}],"collection":[{"href":"https:\/\/rcstructuralsteel.com\/esp\/wp-json\/wp\/v2\/pages"}],"about":[{"href":"https:\/\/rcstructuralsteel.com\/esp\/wp-json\/wp\/v2\/types\/page"}],"author":[{"embeddable":true,"href":"https:\/\/rcstructuralsteel.com\/esp\/wp-json\/wp\/v2\/users\/1"}],"replies":[{"embeddable":true,"href":"https:\/\/rcstructuralsteel.com\/esp\/wp-json\/wp\/v2\/comments?post=351"}],"version-history":[{"count":13,"href":"https:\/\/rcstructuralsteel.com\/esp\/wp-json\/wp\/v2\/pages\/351\/revisions"}],"predecessor-version":[{"id":468,"href":"https:\/\/rcstructuralsteel.com\/esp\/wp-json\/wp\/v2\/pages\/351\/revisions\/468"}],"wp:attachment":[{"href":"https:\/\/rcstructuralsteel.com\/esp\/wp-json\/wp\/v2\/media?parent=351"}],"curies":[{"name":"wp","href":"https:\/\/api.w.org\/{rel}","templated":true}]}}